{"id":2507,"date":"2022-10-19T09:04:53","date_gmt":"2022-10-19T09:04:53","guid":{"rendered":"https:\/\/www.hotelhelios.net\/fruehstueck\/"},"modified":"2022-12-07T10:31:39","modified_gmt":"2022-12-07T10:31:39","slug":"fruehstueck","status":"publish","type":"page","link":"https:\/\/www.hotelhelios.net\/de\/fruehstueck\/","title":{"rendered":"FR\u00dcHST\u00dcCK"},"content":{"rendered":"\t\t<div data-elementor-type=\"wp-page\" data-elementor-id=\"2507\" class=\"elementor elementor-2507 elementor-71\" data-elementor-post-type=\"page\">\n\t\t\t\t\t\t<section class=\"elementor-section elementor-top-section elementor-element elementor-element-4747097 elementor-section-full_width elementor-section-height-default elementor-section-height-default\" data-id=\"4747097\" data-element_type=\"section\" data-e-type=\"section\">\n\t\t\t\t\t\t<div class=\"elementor-container elementor-column-gap-default\">\n\t\t\t\t\t<div class=\"elementor-column elementor-col-100 elementor-top-column elementor-element elementor-element-2e83e3e\" data-id=\"2e83e3e\" data-element_type=\"column\" data-e-type=\"column\">\n\t\t\t<div class=\"elementor-widget-wrap elementor-element-populated\">\n\t\t\t\t\t\t<div class=\"elementor-element elementor-element-58b0786 elementor--v-position-bottom elementor--h-position-center elementor-arrows-position-inside elementor-pagination-position-inside elementor-widget elementor-widget-slides\" data-id=\"58b0786\" data-element_type=\"widget\" data-e-type=\"widget\" data-settings=\"{&quot;navigation&quot;:&quot;both&quot;,&quot;autoplay&quot;:&quot;yes&quot;,&quot;pause_on_hover&quot;:&quot;yes&quot;,&quot;pause_on_interaction&quot;:&quot;yes&quot;,&quot;autoplay_speed&quot;:5000,&quot;infinite&quot;:&quot;yes&quot;,&quot;transition&quot;:&quot;slide&quot;,&quot;transition_speed&quot;:500}\" data-widget_type=\"slides.default\">\n\t\t\t\t<div class=\"elementor-widget-container\">\n\t\t\t\t\t\t\t\t\t<div class=\"elementor-swiper\">\n\t\t\t\t\t<div class=\"elementor-slides-wrapper elementor-main-swiper swiper\" role=\"region\" aria-roledescription=\"carousel\" aria-label=\"Slider\" dir=\"ltr\" data-animation=\"fadeInUp\">\n\t\t\t\t<div class=\"swiper-wrapper elementor-slides\">\n\t\t\t\t\t\t\t\t\t\t<div class=\"elementor-repeater-item-b4a37ae swiper-slide\" role=\"group\" aria-roledescription=\"slide\"><div class=\"swiper-slide-bg\" role=\"img\" aria-label=\"colazione1\"><\/div><div class=\"swiper-slide-inner\" ><div class=\"swiper-slide-contents\"><div class=\"elementor-slide-description\"><p>Willkommen in Diano Marina<br \/>\n... Perle des Golfs von Dianese<\/p>\n<\/div><\/div><\/div><\/div>\t\t\t\t<\/div>\n\t\t\t\t\t\t\t<\/div>\n\t\t\t\t<\/div>\n\t\t\t\t\t\t\t\t<\/div>\n\t\t\t\t<\/div>\n\t\t\t\t<div class=\"elementor-element elementor-element-76381c0 elementor-widget elementor-widget-template\" data-id=\"76381c0\" data-element_type=\"widget\" data-e-type=\"widget\" data-widget_type=\"template.default\">\n\t\t\t\t<div class=\"elementor-widget-container\">\n\t\t\t\t\t\t\t<div class=\"elementor-template\">\n\t\t\t\t\t<div data-elementor-type=\"section\" data-elementor-id=\"2949\" class=\"elementor elementor-2949 elementor-23 elementor-23\" data-elementor-post-type=\"elementor_library\">\n\t\t\t\t\t<section class=\"elementor-section elementor-top-section elementor-element elementor-element-16b2f6e elementor-section-boxed elementor-section-height-default elementor-section-height-default\" data-id=\"16b2f6e\" data-element_type=\"section\" data-e-type=\"section\">\n\t\t\t\t\t\t<div class=\"elementor-container elementor-column-gap-default\">\n\t\t\t\t\t<div class=\"elementor-column elementor-col-50 elementor-top-column elementor-element elementor-element-5e6aa92\" data-id=\"5e6aa92\" data-element_type=\"column\" data-e-type=\"column\">\n\t\t\t<div class=\"elementor-widget-wrap\">\n\t\t\t\t\t\t\t<\/div>\n\t\t<\/div>\n\t\t\t\t<div class=\"elementor-column elementor-col-50 elementor-top-column elementor-element elementor-element-f1030b2\" data-id=\"f1030b2\" data-element_type=\"column\" data-e-type=\"column\">\n\t\t\t<div class=\"elementor-widget-wrap\">\n\t\t\t\t\t\t\t<\/div>\n\t\t<\/div>\n\t\t\t\t\t<\/div>\n\t\t<\/section>\n\t\t\t\t<section class=\"elementor-section elementor-top-section elementor-element elementor-element-30e3adb0 elementor-section-content-middle elementor-section-boxed elementor-section-height-default elementor-section-height-default\" data-id=\"30e3adb0\" data-element_type=\"section\" data-e-type=\"section\" data-settings=\"{&quot;background_background&quot;:&quot;classic&quot;}\">\n\t\t\t\t\t\t<div class=\"elementor-container elementor-column-gap-default\">\n\t\t\t\t\t<div class=\"elementor-column elementor-col-50 elementor-top-column elementor-element elementor-element-51596b2\" data-id=\"51596b2\" data-element_type=\"column\" data-e-type=\"column\">\n\t\t\t<div class=\"elementor-widget-wrap elementor-element-populated\">\n\t\t\t\t\t\t<div class=\"elementor-element elementor-element-90fd126 elementor-widget elementor-widget-heading\" data-id=\"90fd126\" data-element_type=\"widget\" data-e-type=\"widget\" data-widget_type=\"heading.default\">\n\t\t\t\t<div class=\"elementor-widget-container\">\n\t\t\t\t\t<h2 class=\"elementor-heading-title elementor-size-default\">Booking Online<\/h2>\t\t\t\t<\/div>\n\t\t\t\t<\/div>\n\t\t\t\t<div class=\"elementor-element elementor-element-aca19a4 elementor-widget elementor-widget-heading\" data-id=\"aca19a4\" data-element_type=\"widget\" data-e-type=\"widget\" data-widget_type=\"heading.default\">\n\t\t\t\t<div class=\"elementor-widget-container\">\n\t\t\t\t\t<h2 class=\"elementor-heading-title elementor-size-default\">beste Rate wird garantiert<\/h2>\t\t\t\t<\/div>\n\t\t\t\t<\/div>\n\t\t\t\t\t<\/div>\n\t\t<\/div>\n\t\t\t\t<div class=\"elementor-column elementor-col-50 elementor-top-column elementor-element elementor-element-1d6a6a54\" data-id=\"1d6a6a54\" data-element_type=\"column\" data-e-type=\"column\">\n\t\t\t<div class=\"elementor-widget-wrap elementor-element-populated\">\n\t\t\t\t\t\t<div class=\"elementor-element elementor-element-b1ede0d elementor-widget elementor-widget-html\" data-id=\"b1ede0d\" data-element_type=\"widget\" data-e-type=\"widget\" data-widget_type=\"html.default\">\n\t\t\t\t<div class=\"elementor-widget-container\">\n\t\t\t\t\t\r\n\r\n<script type=\"text\/javascript\">\r\n(function (i, s, o, g, r, a, m) {\r\ni['SBSyncroBoxParam'] = r; i[r] = i[r] || function () {\r\n(i[r].q = i[r].q || []).push(arguments)\r\n}, i[r].l = 1 * new Date(); a = s.createElement(o),\r\nm = s.getElementsByTagName(o)[0]; a.async = 1; a.src = g; m.parentNode.insertBefore(a, m)\r\n})(window, document, 'script', 'https:\/\/cdn.simplebooking.it\/search-box-script.axd?IDA=2911','SBSyncroBox');\r\nSBSyncroBox({\r\nCodLang: 'DE',\r\nStyles: {\r\nFontFamily: '\"Roboto\", serif',\r\nCustomColor: '#fff', \/*testo primario*\/\r\nCustomColorHover: '#fff', \/*hover testo primario*\/\r\nCustomBGColor: 'transparent', \/*sfondo mascherina*\/\r\nCustomFieldBackgroundColor: '#ff8f8f', \/*sfondo campi*\/\r\nCustomLabelColor: '#fff', \/*testo label*\/\r\nCustomLabelHoverColor: '#fff', \/*hover testo label*\/\r\nCustomButtonColor: '#ff8f8f', \/*testo button*\/\r\nCustomButtonBGColor: '#fff', \/*sfondo button*\/\r\nCustomButtonHoverBGColor: '#fff', \/*hover sfondo button*\/\r\nCustomIconColor: '#fff', \/*icone*\/\r\nCustomLinkColor: 'fff', \/*testo link*\/\r\nCustomWidgetColor: '#fff', \/*testo widget persone-camere*\/\r\nCustomWidgetBGColor: '#666', \/*sfondo widget persone-camere*\/\r\nCustomWidgetElementHoverColor: '#ccc', \/*hover testo link widget persone-camere*\/\r\nCustomWidgetElementHoverBGColor: '#ccc', \/*hover elementi widget persone-camere*\/\r\nCustomBoxShadowColor: '#666', \/*ombra campo*\/\r\nCustomBoxShadowColorFocus: '#666', \/*ombra interna focus campo*\/\r\nCustomBoxShadowColorHover: '#666', \/*ombra interna focus campo*\/\r\nCustomAddRoomBoxShadowColor: '#666', \/*bordo campo aggiungi camera widget persone-camere*\/\r\nCustomIntentSelectionColor: '#ccc', \/*sfondo date selezionate*\/\r\nCustomIntentSelectionDaysBGColor: '#666', \/*sfondo date da selezionare*\/\r\nCustomSelectedDaysColor: '#666', \/*testo date selezionate *\/\r\nCustomAccentColor: '#ededed', \/* sfondo date selezionate*\/\r\nCustomAccentColorHover: '#ccc', \/*hover date*\/\r\nCustomCalendarBackgroundColor: '#666' \/*sfondo calendario*\/\r\n},\r\n});\r\n<\/script>\r\n    <div id=\"sb-container\"><\/div>\t\t\t\t<\/div>\n\t\t\t\t<\/div>\n\t\t\t\t\t<\/div>\n\t\t<\/div>\n\t\t\t\t\t<\/div>\n\t\t<\/section>\n\t\t\t\t<section class=\"elementor-section elementor-top-section elementor-element elementor-element-ea9683c elementor-section-full_width elementor-section-content-middle fascia-booking elementor-hidden-tablet elementor-hidden-mobile elementor-section-height-default elementor-section-height-default\" data-id=\"ea9683c\" data-element_type=\"section\" data-e-type=\"section\" data-settings=\"{&quot;background_background&quot;:&quot;classic&quot;}\">\n\t\t\t\t\t\t<div class=\"elementor-container elementor-column-gap-default\">\n\t\t\t\t\t<div class=\"elementor-column elementor-col-100 elementor-top-column elementor-element elementor-element-632c18fb\" data-id=\"632c18fb\" data-element_type=\"column\" data-e-type=\"column\">\n\t\t\t<div class=\"elementor-widget-wrap elementor-element-populated\">\n\t\t\t\t\t\t<div class=\"elementor-element elementor-element-129e2967 elementor-absolute elementor-widget elementor-widget-image\" data-id=\"129e2967\" data-element_type=\"widget\" data-e-type=\"widget\" data-settings=\"{&quot;_position&quot;:&quot;absolute&quot;}\" data-widget_type=\"image.default\">\n\t\t\t\t<div class=\"elementor-widget-container\">\n\t\t\t\t\t\t\t\t\t\t\t\t\t\t\t<img decoding=\"async\" width=\"240\" height=\"130\" src=\"https:\/\/www.hotelhelios.net\/wp-content\/uploads\/2022\/10\/logotreviatop.png\" class=\"attachment-large size-large wp-image-3081\" alt=\"\" \/>\t\t\t\t\t\t\t\t\t\t\t\t\t\t\t<\/div>\n\t\t\t\t<\/div>\n\t\t\t\t\t<\/div>\n\t\t<\/div>\n\t\t\t\t\t<\/div>\n\t\t<\/section>\n\t\t\t\t<\/div>\n\t\t\t\t<\/div>\n\t\t\t\t\t\t<\/div>\n\t\t\t\t<\/div>\n\t\t\t\t\t<\/div>\n\t\t<\/div>\n\t\t\t\t\t<\/div>\n\t\t<\/section>\n\t\t\t\t<section class=\"elementor-section elementor-top-section elementor-element elementor-element-0b4bd6d elementor-section-full_width elementor-section-height-default elementor-section-height-default\" data-id=\"0b4bd6d\" data-element_type=\"section\" data-e-type=\"section\">\n\t\t\t\t\t\t<div class=\"elementor-container elementor-column-gap-default\">\n\t\t\t\t\t<div class=\"elementor-column elementor-col-100 elementor-top-column elementor-element elementor-element-ca12589\" data-id=\"ca12589\" data-element_type=\"column\" data-e-type=\"column\">\n\t\t\t<div class=\"elementor-widget-wrap elementor-element-populated\">\n\t\t\t\t\t\t<div class=\"elementor-element elementor-element-662d392 elementor-widget elementor-widget-heading\" data-id=\"662d392\" data-element_type=\"widget\" data-e-type=\"widget\" data-widget_type=\"heading.default\">\n\t\t\t\t<div class=\"elementor-widget-container\">\n\t\t\t\t\t<h1 class=\"elementor-heading-title elementor-size-default\">\nFR\u00dcHST\u00dcCK\n<\/h1>\t\t\t\t<\/div>\n\t\t\t\t<\/div>\n\t\t\t\t<div class=\"elementor-element elementor-element-00cf795 elementor-widget elementor-widget-heading\" data-id=\"00cf795\" data-element_type=\"widget\" data-e-type=\"widget\" data-widget_type=\"heading.default\">\n\t\t\t\t<div class=\"elementor-widget-container\">\n\t\t\t\t\t<h3 class=\"elementor-heading-title elementor-size-default\">\nEin besonderer Genuss in Diano Marina in B&amp;B zu buchen\n<\/h3>\t\t\t\t<\/div>\n\t\t\t\t<\/div>\n\t\t\t\t\t<\/div>\n\t\t<\/div>\n\t\t\t\t\t<\/div>\n\t\t<\/section>\n\t\t\t\t<section class=\"elementor-section elementor-top-section elementor-element elementor-element-2fbc0dfc elementor-section-full_width elementor-section-content-middle elementor-section-height-default elementor-section-height-default\" data-id=\"2fbc0dfc\" data-element_type=\"section\" data-e-type=\"section\">\n\t\t\t\t\t\t<div class=\"elementor-container elementor-column-gap-default\">\n\t\t\t\t\t<div class=\"elementor-column elementor-col-50 elementor-top-column elementor-element elementor-element-16028866\" data-id=\"16028866\" data-element_type=\"column\" data-e-type=\"column\">\n\t\t\t<div class=\"elementor-widget-wrap elementor-element-populated\">\n\t\t\t\t\t\t<div class=\"elementor-element elementor-element-1d45ea3f elementor-widget elementor-widget-image\" data-id=\"1d45ea3f\" data-element_type=\"widget\" data-e-type=\"widget\" data-widget_type=\"image.default\">\n\t\t\t\t<div class=\"elementor-widget-container\">\n\t\t\t\t\t\t\t\t\t\t\t\t\t\t\t<img fetchpriority=\"high\" decoding=\"async\" width=\"950\" height=\"460\" src=\"https:\/\/www.hotelhelios.net\/wp-content\/uploads\/2022\/11\/colazione.jpg\" class=\"attachment-full size-full wp-image-3942\" alt=\"\" srcset=\"https:\/\/www.hotelhelios.net\/wp-content\/uploads\/2022\/11\/colazione.jpg 950w, https:\/\/www.hotelhelios.net\/wp-content\/uploads\/2022\/11\/colazione-300x145.jpg 300w, https:\/\/www.hotelhelios.net\/wp-content\/uploads\/2022\/11\/colazione-768x372.jpg 768w\" sizes=\"(max-width: 950px) 100vw, 950px\" \/>\t\t\t\t\t\t\t\t\t\t\t\t\t\t\t<\/div>\n\t\t\t\t<\/div>\n\t\t\t\t\t<\/div>\n\t\t<\/div>\n\t\t\t\t<div class=\"elementor-column elementor-col-50 elementor-top-column elementor-element elementor-element-186fa33\" data-id=\"186fa33\" data-element_type=\"column\" data-e-type=\"column\">\n\t\t\t<div class=\"elementor-widget-wrap elementor-element-populated\">\n\t\t\t\t\t\t<div class=\"elementor-element elementor-element-4318fd00 elementor-widget elementor-widget-text-editor\" data-id=\"4318fd00\" data-element_type=\"widget\" data-e-type=\"widget\" data-widget_type=\"text-editor.default\">\n\t\t\t\t<div class=\"elementor-widget-container\">\n\t\t\t\t\t\t\t\t\t<p>Die Ferien hier im <strong>Hotel Helios<\/strong> haben einen wichtigen Leitfaden : das Gef\u00fchl der Freiheit ! Auch in unserem Fr\u00fchst\u00fccksraum hat sich diese Philosophie bewertet. <\/p>\n<p>Ausgedehnte Fr\u00fchst\u00fcckszeiten, zum <strong>Ausschlafen und sp\u00e4terem Fr\u00fchst\u00fcc<\/strong>k, ohne Eile. Sp\u00e4ter das Meer zu erleben, einige Ausfl\u00fcge in die U<strong>mgebung zu machen und vielleicht ein kleines<\/strong> typisches Restaurant in Diano Marina zu finden. Welche Ferien, ohne immer den Blick auf die Uhr zu werfen !  <\/p>\n<h3><span style=\"color: #4ca8a5;\">REICHES BUFFET : S\u00dcSS UND SALZIG<\/span><\/h3>\n<p>Du bedienst dich an unserem reichhaltigen Fr\u00fchst\u00fccksbuffet, unsere Kellner helfen dabei, es gibt eine grosse Auswahl immer frischer Speisen, s\u00fcss und salzig, richtig f\u00fcr einen energiegeladenen Start in den Tag. Flessible Fr\u00fchst\u00fcckszeiten erm\u00f6glichen die Freiheit, auszuschlafen und das Abendessen in <strong>einem Restaurant zu geniessen<\/strong>. <\/p>\n<h3><span style=\"color: #4ca8a5;\">INTOLERANZEN ? KEIN PROBLEM <\/span><\/h3>\n<p>Unser Hotel Helios bietet B&amp;B (\u00dcbernachtung mit Fr\u00fchst\u00fcck) an, auch mit Speisen f\u00fcr G\u00e4ste mit Lebensmittelintoleranz.<\/p>\n\t\t\t\t\t\t\t\t<\/div>\n\t\t\t\t<\/div>\n\t\t\t\t\t<\/div>\n\t\t<\/div>\n\t\t\t\t\t<\/div>\n\t\t<\/section>\n\t\t\t\t<\/div>\n\t\t","protected":false},"excerpt":{"rendered":"<p>Willkommen in Diano Marina &#8230; Perle des Golfs von Dianese FR\u00dcHST\u00dcCK Ein besonderer Genuss in Diano Marina in B&amp;B zu buchen Die Ferien hier im Hotel Helios haben einen wichtigen Leitfaden : das Gef\u00fchl der Freiheit ! Auch in unserem Fr\u00fchst\u00fccksraum hat sich diese Philosophie bewertet. Ausgedehnte Fr\u00fchst\u00fcckszeiten, zum Ausschlafen und sp\u00e4terem Fr\u00fchst\u00fcck, ohne Eile. [&hellip;]<\/p>\n","protected":false},"author":1,"featured_media":0,"parent":0,"menu_order":0,"comment_status":"closed","ping_status":"closed","template":"","meta":{"_acf_changed":false,"footnotes":""},"class_list":["post-2507","page","type-page","status-publish","hentry"],"acf":[],"_links":{"self":[{"href":"https:\/\/www.hotelhelios.net\/de\/wp-json\/wp\/v2\/pages\/2507","targetHints":{"allow":["GET"]}}],"collection":[{"href":"https:\/\/www.hotelhelios.net\/de\/wp-json\/wp\/v2\/pages"}],"about":[{"href":"https:\/\/www.hotelhelios.net\/de\/wp-json\/wp\/v2\/types\/page"}],"author":[{"embeddable":true,"href":"https:\/\/www.hotelhelios.net\/de\/wp-json\/wp\/v2\/users\/1"}],"replies":[{"embeddable":true,"href":"https:\/\/www.hotelhelios.net\/de\/wp-json\/wp\/v2\/comments?post=2507"}],"version-history":[{"count":4,"href":"https:\/\/www.hotelhelios.net\/de\/wp-json\/wp\/v2\/pages\/2507\/revisions"}],"predecessor-version":[{"id":4086,"href":"https:\/\/www.hotelhelios.net\/de\/wp-json\/wp\/v2\/pages\/2507\/revisions\/4086"}],"wp:attachment":[{"href":"https:\/\/www.hotelhelios.net\/de\/wp-json\/wp\/v2\/media?parent=2507"}],"curies":[{"name":"wp","href":"https:\/\/api.w.org\/{rel}","templated":true}]}}