{"id":2370,"date":"2022-10-19T09:04:52","date_gmt":"2022-10-19T09:04:52","guid":{"rendered":"https:\/\/www.hotelhelios.net\/riviera-dei-fiori\/"},"modified":"2022-12-28T13:16:10","modified_gmt":"2022-12-28T13:16:10","slug":"riviera-dei-fiori","status":"publish","type":"page","link":"https:\/\/www.hotelhelios.net\/de\/riviera-dei-fiori\/","title":{"rendered":"Riviera dei fiori"},"content":{"rendered":"\t\t<div data-elementor-type=\"wp-page\" data-elementor-id=\"2370\" class=\"elementor elementor-2370 elementor-59\" data-elementor-post-type=\"page\">\n\t\t\t\t\t\t<section class=\"elementor-section elementor-top-section elementor-element elementor-element-0711711 elementor-section-full_width elementor-section-height-default elementor-section-height-default\" data-id=\"0711711\" data-element_type=\"section\" data-e-type=\"section\">\n\t\t\t\t\t\t<div class=\"elementor-container elementor-column-gap-default\">\n\t\t\t\t\t<div class=\"elementor-column elementor-col-100 elementor-top-column elementor-element elementor-element-c978b04\" data-id=\"c978b04\" data-element_type=\"column\" data-e-type=\"column\">\n\t\t\t<div class=\"elementor-widget-wrap elementor-element-populated\">\n\t\t\t\t\t\t<div class=\"elementor-element elementor-element-edefaa4 elementor--v-position-bottom elementor--h-position-center elementor-arrows-position-inside elementor-pagination-position-inside elementor-widget elementor-widget-slides\" data-id=\"edefaa4\" data-element_type=\"widget\" data-e-type=\"widget\" data-settings=\"{&quot;navigation&quot;:&quot;both&quot;,&quot;autoplay&quot;:&quot;yes&quot;,&quot;pause_on_hover&quot;:&quot;yes&quot;,&quot;pause_on_interaction&quot;:&quot;yes&quot;,&quot;autoplay_speed&quot;:5000,&quot;infinite&quot;:&quot;yes&quot;,&quot;transition&quot;:&quot;slide&quot;,&quot;transition_speed&quot;:500}\" data-widget_type=\"slides.default\">\n\t\t\t\t<div class=\"elementor-widget-container\">\n\t\t\t\t\t\t\t\t\t<div class=\"elementor-swiper\">\n\t\t\t\t\t<div class=\"elementor-slides-wrapper elementor-main-swiper swiper\" role=\"region\" aria-roledescription=\"carousel\" aria-label=\"Slider\" dir=\"ltr\" data-animation=\"fadeInUp\">\n\t\t\t\t<div class=\"swiper-wrapper elementor-slides\">\n\t\t\t\t\t\t\t\t\t\t<div class=\"elementor-repeater-item-f8f8211 swiper-slide\" role=\"group\" aria-roledescription=\"slide\"><div class=\"swiper-slide-bg\" role=\"img\" aria-label=\"riviera1\"><\/div><div class=\"swiper-slide-inner\" ><div class=\"swiper-slide-contents\"><div class=\"elementor-slide-description\"><p>Willkommen in Diano Marina<br \/>\n... Perle des Golfs von Dianese<\/p>\n<\/div><\/div><\/div><\/div><div class=\"elementor-repeater-item-b4a37ae swiper-slide\" role=\"group\" aria-roledescription=\"slide\"><div class=\"swiper-slide-bg\" role=\"img\" aria-label=\"riviera2\"><\/div><div class=\"swiper-slide-inner\" ><div class=\"swiper-slide-contents\"><div class=\"elementor-slide-description\"><p>Willkommen in Diano Marina<br \/>\n... Perle des Golfs von Dianese<\/p>\n<\/div><\/div><\/div><\/div><div class=\"elementor-repeater-item-558ffa3 swiper-slide\" role=\"group\" aria-roledescription=\"slide\"><div class=\"swiper-slide-bg\" role=\"img\" aria-label=\"riviera3\"><\/div><div class=\"swiper-slide-inner\" ><div class=\"swiper-slide-contents\"><div class=\"elementor-slide-description\"><p>Willkommen in Diano Marina<br \/>\n... Perle des Golfs von Dianese<\/p>\n<\/div><\/div><\/div><\/div>\t\t\t\t<\/div>\n\t\t\t\t\t\t\t\t\t\t\t\t\t\t\t<div class=\"elementor-swiper-button elementor-swiper-button-prev\" role=\"button\" tabindex=\"0\" aria-label=\"Vorheriger Slide\">\n\t\t\t\t\t\t\t<i aria-hidden=\"true\" class=\"eicon-chevron-left\"><\/i>\t\t\t\t\t\t<\/div>\n\t\t\t\t\t\t<div class=\"elementor-swiper-button elementor-swiper-button-next\" role=\"button\" tabindex=\"0\" aria-label=\"N\u00e4chster Slide\">\n\t\t\t\t\t\t\t<i aria-hidden=\"true\" class=\"eicon-chevron-right\"><\/i>\t\t\t\t\t\t<\/div>\n\t\t\t\t\t\t\t\t\t\t\t\t\t\t\t\t<div class=\"swiper-pagination\"><\/div>\n\t\t\t\t\t\t\t\t\t\t\t\t<\/div>\n\t\t\t\t<\/div>\n\t\t\t\t\t\t\t\t<\/div>\n\t\t\t\t<\/div>\n\t\t\t\t<div class=\"elementor-element elementor-element-8b78795 elementor-widget elementor-widget-template\" data-id=\"8b78795\" data-element_type=\"widget\" data-e-type=\"widget\" data-widget_type=\"template.default\">\n\t\t\t\t<div class=\"elementor-widget-container\">\n\t\t\t\t\t\t\t<div class=\"elementor-template\">\n\t\t\t\t\t<div data-elementor-type=\"section\" data-elementor-id=\"2949\" class=\"elementor elementor-2949 elementor-23 elementor-23\" data-elementor-post-type=\"elementor_library\">\n\t\t\t\t\t<section class=\"elementor-section elementor-top-section elementor-element elementor-element-16b2f6e elementor-section-boxed elementor-section-height-default elementor-section-height-default\" data-id=\"16b2f6e\" data-element_type=\"section\" data-e-type=\"section\">\n\t\t\t\t\t\t<div class=\"elementor-container elementor-column-gap-default\">\n\t\t\t\t\t<div class=\"elementor-column elementor-col-50 elementor-top-column elementor-element elementor-element-5e6aa92\" data-id=\"5e6aa92\" data-element_type=\"column\" data-e-type=\"column\">\n\t\t\t<div class=\"elementor-widget-wrap\">\n\t\t\t\t\t\t\t<\/div>\n\t\t<\/div>\n\t\t\t\t<div class=\"elementor-column elementor-col-50 elementor-top-column elementor-element elementor-element-f1030b2\" data-id=\"f1030b2\" data-element_type=\"column\" data-e-type=\"column\">\n\t\t\t<div class=\"elementor-widget-wrap\">\n\t\t\t\t\t\t\t<\/div>\n\t\t<\/div>\n\t\t\t\t\t<\/div>\n\t\t<\/section>\n\t\t\t\t<section class=\"elementor-section elementor-top-section elementor-element elementor-element-30e3adb0 elementor-section-content-middle elementor-section-boxed elementor-section-height-default elementor-section-height-default\" data-id=\"30e3adb0\" data-element_type=\"section\" data-e-type=\"section\" data-settings=\"{&quot;background_background&quot;:&quot;classic&quot;}\">\n\t\t\t\t\t\t<div class=\"elementor-container elementor-column-gap-default\">\n\t\t\t\t\t<div class=\"elementor-column elementor-col-50 elementor-top-column elementor-element elementor-element-51596b2\" data-id=\"51596b2\" data-element_type=\"column\" data-e-type=\"column\">\n\t\t\t<div class=\"elementor-widget-wrap elementor-element-populated\">\n\t\t\t\t\t\t<div class=\"elementor-element elementor-element-90fd126 elementor-widget elementor-widget-heading\" data-id=\"90fd126\" data-element_type=\"widget\" data-e-type=\"widget\" data-widget_type=\"heading.default\">\n\t\t\t\t<div class=\"elementor-widget-container\">\n\t\t\t\t\t<h2 class=\"elementor-heading-title elementor-size-default\">Booking Online<\/h2>\t\t\t\t<\/div>\n\t\t\t\t<\/div>\n\t\t\t\t<div class=\"elementor-element elementor-element-aca19a4 elementor-widget elementor-widget-heading\" data-id=\"aca19a4\" data-element_type=\"widget\" data-e-type=\"widget\" data-widget_type=\"heading.default\">\n\t\t\t\t<div class=\"elementor-widget-container\">\n\t\t\t\t\t<h2 class=\"elementor-heading-title elementor-size-default\">beste Rate wird garantiert<\/h2>\t\t\t\t<\/div>\n\t\t\t\t<\/div>\n\t\t\t\t\t<\/div>\n\t\t<\/div>\n\t\t\t\t<div class=\"elementor-column elementor-col-50 elementor-top-column elementor-element elementor-element-1d6a6a54\" data-id=\"1d6a6a54\" data-element_type=\"column\" data-e-type=\"column\">\n\t\t\t<div class=\"elementor-widget-wrap elementor-element-populated\">\n\t\t\t\t\t\t<div class=\"elementor-element elementor-element-b1ede0d elementor-widget elementor-widget-html\" data-id=\"b1ede0d\" data-element_type=\"widget\" data-e-type=\"widget\" data-widget_type=\"html.default\">\n\t\t\t\t<div class=\"elementor-widget-container\">\n\t\t\t\t\t\r\n\r\n<script type=\"text\/javascript\">\r\n(function (i, s, o, g, r, a, m) {\r\ni['SBSyncroBoxParam'] = r; i[r] = i[r] || function () {\r\n(i[r].q = i[r].q || []).push(arguments)\r\n}, i[r].l = 1 * new Date(); a = s.createElement(o),\r\nm = s.getElementsByTagName(o)[0]; a.async = 1; a.src = g; m.parentNode.insertBefore(a, m)\r\n})(window, document, 'script', 'https:\/\/cdn.simplebooking.it\/search-box-script.axd?IDA=2911','SBSyncroBox');\r\nSBSyncroBox({\r\nCodLang: 'DE',\r\nStyles: {\r\nFontFamily: '\"Roboto\", serif',\r\nCustomColor: '#fff', \/*testo primario*\/\r\nCustomColorHover: '#fff', \/*hover testo primario*\/\r\nCustomBGColor: 'transparent', \/*sfondo mascherina*\/\r\nCustomFieldBackgroundColor: '#ff8f8f', \/*sfondo campi*\/\r\nCustomLabelColor: '#fff', \/*testo label*\/\r\nCustomLabelHoverColor: '#fff', \/*hover testo label*\/\r\nCustomButtonColor: '#ff8f8f', \/*testo button*\/\r\nCustomButtonBGColor: '#fff', \/*sfondo button*\/\r\nCustomButtonHoverBGColor: '#fff', \/*hover sfondo button*\/\r\nCustomIconColor: '#fff', \/*icone*\/\r\nCustomLinkColor: 'fff', \/*testo link*\/\r\nCustomWidgetColor: '#fff', \/*testo widget persone-camere*\/\r\nCustomWidgetBGColor: '#666', \/*sfondo widget persone-camere*\/\r\nCustomWidgetElementHoverColor: '#ccc', \/*hover testo link widget persone-camere*\/\r\nCustomWidgetElementHoverBGColor: '#ccc', \/*hover elementi widget persone-camere*\/\r\nCustomBoxShadowColor: '#666', \/*ombra campo*\/\r\nCustomBoxShadowColorFocus: '#666', \/*ombra interna focus campo*\/\r\nCustomBoxShadowColorHover: '#666', \/*ombra interna focus campo*\/\r\nCustomAddRoomBoxShadowColor: '#666', \/*bordo campo aggiungi camera widget persone-camere*\/\r\nCustomIntentSelectionColor: '#ccc', \/*sfondo date selezionate*\/\r\nCustomIntentSelectionDaysBGColor: '#666', \/*sfondo date da selezionare*\/\r\nCustomSelectedDaysColor: '#666', \/*testo date selezionate *\/\r\nCustomAccentColor: '#ededed', \/* sfondo date selezionate*\/\r\nCustomAccentColorHover: '#ccc', \/*hover date*\/\r\nCustomCalendarBackgroundColor: '#666' \/*sfondo calendario*\/\r\n},\r\n});\r\n<\/script>\r\n    <div id=\"sb-container\"><\/div>\t\t\t\t<\/div>\n\t\t\t\t<\/div>\n\t\t\t\t\t<\/div>\n\t\t<\/div>\n\t\t\t\t\t<\/div>\n\t\t<\/section>\n\t\t\t\t<section class=\"elementor-section elementor-top-section elementor-element elementor-element-ea9683c elementor-section-full_width elementor-section-content-middle fascia-booking elementor-hidden-tablet elementor-hidden-mobile elementor-section-height-default elementor-section-height-default\" data-id=\"ea9683c\" data-element_type=\"section\" data-e-type=\"section\" data-settings=\"{&quot;background_background&quot;:&quot;classic&quot;}\">\n\t\t\t\t\t\t<div class=\"elementor-container elementor-column-gap-default\">\n\t\t\t\t\t<div class=\"elementor-column elementor-col-100 elementor-top-column elementor-element elementor-element-632c18fb\" data-id=\"632c18fb\" data-element_type=\"column\" data-e-type=\"column\">\n\t\t\t<div class=\"elementor-widget-wrap elementor-element-populated\">\n\t\t\t\t\t\t<div class=\"elementor-element elementor-element-129e2967 elementor-absolute elementor-widget elementor-widget-image\" data-id=\"129e2967\" data-element_type=\"widget\" data-e-type=\"widget\" data-settings=\"{&quot;_position&quot;:&quot;absolute&quot;}\" data-widget_type=\"image.default\">\n\t\t\t\t<div class=\"elementor-widget-container\">\n\t\t\t\t\t\t\t\t\t\t\t\t\t\t\t<img decoding=\"async\" width=\"240\" height=\"130\" src=\"https:\/\/www.hotelhelios.net\/wp-content\/uploads\/2022\/10\/logotreviatop.png\" class=\"attachment-large size-large wp-image-3081\" alt=\"\" \/>\t\t\t\t\t\t\t\t\t\t\t\t\t\t\t<\/div>\n\t\t\t\t<\/div>\n\t\t\t\t\t<\/div>\n\t\t<\/div>\n\t\t\t\t\t<\/div>\n\t\t<\/section>\n\t\t\t\t<\/div>\n\t\t\t\t<\/div>\n\t\t\t\t\t\t<\/div>\n\t\t\t\t<\/div>\n\t\t\t\t\t<\/div>\n\t\t<\/div>\n\t\t\t\t\t<\/div>\n\t\t<\/section>\n\t\t\t\t<section class=\"elementor-section elementor-top-section elementor-element elementor-element-c39e633 elementor-section-full_width elementor-section-height-default elementor-section-height-default\" data-id=\"c39e633\" data-element_type=\"section\" data-e-type=\"section\">\n\t\t\t\t\t\t<div class=\"elementor-container elementor-column-gap-default\">\n\t\t\t\t\t<div class=\"elementor-column elementor-col-100 elementor-top-column elementor-element elementor-element-9574fce\" data-id=\"9574fce\" data-element_type=\"column\" data-e-type=\"column\">\n\t\t\t<div class=\"elementor-widget-wrap elementor-element-populated\">\n\t\t\t\t\t\t<div class=\"elementor-element elementor-element-ac4d4ea elementor-widget elementor-widget-heading\" data-id=\"ac4d4ea\" data-element_type=\"widget\" data-e-type=\"widget\" data-widget_type=\"heading.default\">\n\t\t\t\t<div class=\"elementor-widget-container\">\n\t\t\t\t\t<h1 class=\"elementor-heading-title elementor-size-default\">Riviera dei fiori\n<\/h1>\t\t\t\t<\/div>\n\t\t\t\t<\/div>\n\t\t\t\t<div class=\"elementor-element elementor-element-f121ff9 elementor-widget elementor-widget-heading\" data-id=\"f121ff9\" data-element_type=\"widget\" data-e-type=\"widget\" data-widget_type=\"heading.default\">\n\t\t\t\t<div class=\"elementor-widget-container\">\n\t\t\t\t\t<h3 class=\"elementor-heading-title elementor-size-default\">\nW\u00e4hlen Sie Ihr Hotel im K\u00fcstenpark der Riviera dei Fiori und entdecken Sie auch die Umgebung\n<\/h3>\t\t\t\t<\/div>\n\t\t\t\t<\/div>\n\t\t\t\t\t<\/div>\n\t\t<\/div>\n\t\t\t\t\t<\/div>\n\t\t<\/section>\n\t\t\t\t<section class=\"elementor-section elementor-top-section elementor-element elementor-element-51b7c4bd elementor-section-boxed elementor-section-height-default elementor-section-height-default\" data-id=\"51b7c4bd\" data-element_type=\"section\" data-e-type=\"section\">\n\t\t\t\t\t\t<div class=\"elementor-container elementor-column-gap-default\">\n\t\t\t\t\t<div class=\"elementor-column elementor-col-100 elementor-top-column elementor-element elementor-element-8cfa55\" data-id=\"8cfa55\" data-element_type=\"column\" data-e-type=\"column\">\n\t\t\t<div class=\"elementor-widget-wrap elementor-element-populated\">\n\t\t\t\t\t\t<div class=\"elementor-element elementor-element-2f2ad7e9 elementor-widget elementor-widget-text-editor\" data-id=\"2f2ad7e9\" data-element_type=\"widget\" data-e-type=\"widget\" data-widget_type=\"text-editor.default\">\n\t\t\t\t<div class=\"elementor-widget-container\">\n\t\t\t\t\t\t\t\t\t<p>Der K\u00fcstenpark der <b>Riviera dei Fiori<\/b> ist eine \u00fcppige und abwechslungsreiche Landschaft, die es zu entdecken gilt. Der durch den Musikwettbewerb <b>Sanremo-Festiva<\/b>l bekannte K\u00fcstenabschnitt Liguriens, der von Andora bis zur franz\u00f6sischen Grenze reicht, verdankt seinen Namen dem angenehmen, besonders milden Klima, das sich besonders f\u00fcr die <b>Blumenzucht<\/b> eignet. <\/p>\n\t\t\t\t\t\t\t\t<\/div>\n\t\t\t\t<\/div>\n\t\t\t\t\t<\/div>\n\t\t<\/div>\n\t\t\t\t\t<\/div>\n\t\t<\/section>\n\t\t\t\t<section class=\"elementor-section elementor-top-section elementor-element elementor-element-8b1ade3 elementor-section-full_width elementor-section-height-default elementor-section-height-default\" data-id=\"8b1ade3\" data-element_type=\"section\" data-e-type=\"section\">\n\t\t\t\t\t\t<div class=\"elementor-container elementor-column-gap-default\">\n\t\t\t\t\t<div class=\"elementor-column elementor-col-50 elementor-top-column elementor-element elementor-element-123a1a89\" data-id=\"123a1a89\" data-element_type=\"column\" data-e-type=\"column\" data-settings=\"{&quot;background_background&quot;:&quot;classic&quot;}\">\n\t\t\t<div class=\"elementor-widget-wrap elementor-element-populated\">\n\t\t\t\t\t\t<div class=\"elementor-element elementor-element-721d168d elementor-widget elementor-widget-text-editor\" data-id=\"721d168d\" data-element_type=\"widget\" data-e-type=\"widget\" data-widget_type=\"text-editor.default\">\n\t\t\t\t<div class=\"elementor-widget-container\">\n\t\t\t\t\t\t\t\t\tDer Urlaub an der Italienischen Riviera und besonders der <b>Riviera dei Fiori<\/b> ist f\u00fcr alle geeignet, da die Landschaft gro\u00dfz\u00fcgig zwischen Meer und Gebirge, H\u00fcgeln und W\u00e4ldern, Buchten und Meeresbusen wechselt und es wirklich nicht an Ideen f\u00fcr <b>Unternehmungen<\/b> in der N\u00e4he von <b>Diano Marina<\/b> fehlt.\n<h3 style=\"color: #4ca8a5;\">IN RICHTUNG FRANZ\u00d6SISCHER RIVIERA<\/h3>\nNat\u00fcrlich ist der Besuch der nahegelegenen <b>Franz\u00f6sischen Riviera<\/b> geradezu ein Must w\u00e4hrend des Urlaubs an der <b>Riviera dei Fiori<\/b>. Denn vergessen Sie nicht, wir liegen nur etwa 1 Autostunde vom F\u00fcrstentum von <b>Monaco<\/b> und <b>Montecarlo<\/b>, etwa eine Stunde und f\u00fcnfzehn Minuten von <b>Nizza<\/b> und etwa 1 Stunde und 40 Minuten von <b>Cannes<\/b> entfernt. \n<h3 style=\"color: #4ca8a5;\">RIVIERA DEI FIORI \u2026 UND DES OLIVEN\u00d6LS!<\/h3>\nNeben den Natursch\u00f6nheiten und den ligurischen Landschaften k\u00f6nnen Sie Ihren Aufenthalt auch dazu nutzen, die urspr\u00fcnglichen <b>Produkte unseres Landes zu kosten<\/b>. Die (unter gro\u00dfen M\u00fchen) von den Bauern auf Terrassen dem Berg abgerungenen G\u00e4rten produzieren ein kaltgepresstes <b>Oliven\u00f6l mit geringer S\u00e4ure<\/b> (es wird mit der bekannten &#8222;Taggiasca-Olive&#8220; hergestellt, eine Frucht, die auch eingelegt ganz k\u00f6stlich ist) sowie erlesene <b>Weine<\/b> wie der Vermentino und der Pigato.\n\n\t\t\t\t\t\t\t\t<\/div>\n\t\t\t\t<\/div>\n\t\t\t\t\t<\/div>\n\t\t<\/div>\n\t\t\t\t<div class=\"elementor-column elementor-col-50 elementor-top-column elementor-element elementor-element-4f2a0c69\" data-id=\"4f2a0c69\" data-element_type=\"column\" data-e-type=\"column\">\n\t\t\t<div class=\"elementor-widget-wrap elementor-element-populated\">\n\t\t\t\t\t\t<div class=\"elementor-element elementor-element-281cfe8e elementor-widget elementor-widget-text-editor\" data-id=\"281cfe8e\" data-element_type=\"widget\" data-e-type=\"widget\" data-widget_type=\"text-editor.default\">\n\t\t\t\t<div class=\"elementor-widget-container\">\n\t\t\t\t\t\t\t\t\t<h3 style=\"color: #4ca8a5;\"> ORTE F\u00dcR JEDEN GESCHMACK<\/h3>\nAn der <b>Riviera dei Fiori<\/b> gibt es mond\u00e4ne Orte an der K\u00fcste, die sich besonders f\u00fcr einen eher traditionsbewussten Urlauber eignen, wie beispielsweise <b>Alassio<\/b>, <b>Sanremo<\/b> und auch <b>Diano Marina<\/b> &#8211; aber auch in den H\u00fcgeln gelegene, <b>mittelalterliche D\u00f6rfer<\/b>, wahre Perlen von seltener Sch\u00f6nheit, wie beispielsweise <b>Cervo<\/b>, Triora, Apricale, Dolceacqua, Pigna und Bussana Vecchia.\n<h3 style=\"color: #4ca8a5;\">HIER EINIGE VORSCHL\u00c4GE UND IDEEN F\u00dcR UNTERNEHMUNGEN:<\/h3>\n<ul>\n \t<li><b>Cervo<\/b>\nDas bezaubernde, mittelalterliche Dorf liegt in der N\u00e4he von <b>Diano Marina<\/b> direkt am Meer: <b>Cervo<\/b>. Von dem Platz vor der majest\u00e4tischen Pfarrkirche Dei Corallini aus hat man einen herrlichen Blick \u00fcber das Panorama. Ebenso interessant ist das ethnographische Museum, das vom Leben der ligurischen Bauern erz\u00e4hlt.  <\/li>\n \t<li><b>Imperia<\/b>\nIn der Provinzhauptstadt sollten Sie unbedingt das Internationale Schifffahrtsmuseum <b>Westliguriens<\/b> besuchen, das am Domplatz von Porto Maurizio liegt. Gleiches gilt f\u00fcr das Museum des Olivenbaums in Imperia Oneglia.<\/li>\n \t<li><b>In Savona und Umgebung<\/b>\nIn <b>Savona<\/b> und Umgebung empfehlen wir einen Spaziergang im \u201cbudello\u201d von <b>Alassio<\/b>, eine antike Gasse mit tollen Shoppingm\u00f6glichkeiten. Sehenswert ist auch das historische Stadtzentrum von <b>Albenga<\/b>. <\/li>\n<\/ul>\t\t\t\t\t\t\t\t<\/div>\n\t\t\t\t<\/div>\n\t\t\t\t\t<\/div>\n\t\t<\/div>\n\t\t\t\t\t<\/div>\n\t\t<\/section>\n\t\t\t\t<\/div>\n\t\t","protected":false},"excerpt":{"rendered":"<p>Willkommen in Diano Marina &#8230; Perle des Golfs von Dianese Willkommen in Diano Marina &#8230; Perle des Golfs von Dianese Willkommen in Diano Marina &#8230; Perle des Golfs von Dianese Precedente Successivo Riviera dei fiori W\u00e4hlen Sie Ihr Hotel im K\u00fcstenpark der Riviera dei Fiori und entdecken Sie auch die Umgebung Der K\u00fcstenpark der Riviera [&hellip;]<\/p>\n","protected":false},"author":1,"featured_media":0,"parent":0,"menu_order":0,"comment_status":"closed","ping_status":"closed","template":"","meta":{"_acf_changed":false,"footnotes":""},"class_list":["post-2370","page","type-page","status-publish","hentry"],"acf":[],"_links":{"self":[{"href":"https:\/\/www.hotelhelios.net\/de\/wp-json\/wp\/v2\/pages\/2370","targetHints":{"allow":["GET"]}}],"collection":[{"href":"https:\/\/www.hotelhelios.net\/de\/wp-json\/wp\/v2\/pages"}],"about":[{"href":"https:\/\/www.hotelhelios.net\/de\/wp-json\/wp\/v2\/types\/page"}],"author":[{"embeddable":true,"href":"https:\/\/www.hotelhelios.net\/de\/wp-json\/wp\/v2\/users\/1"}],"replies":[{"embeddable":true,"href":"https:\/\/www.hotelhelios.net\/de\/wp-json\/wp\/v2\/comments?post=2370"}],"version-history":[{"count":2,"href":"https:\/\/www.hotelhelios.net\/de\/wp-json\/wp\/v2\/pages\/2370\/revisions"}],"predecessor-version":[{"id":4271,"href":"https:\/\/www.hotelhelios.net\/de\/wp-json\/wp\/v2\/pages\/2370\/revisions\/4271"}],"wp:attachment":[{"href":"https:\/\/www.hotelhelios.net\/de\/wp-json\/wp\/v2\/media?parent=2370"}],"curies":[{"name":"wp","href":"https:\/\/api.w.org\/{rel}","templated":true}]}}